{"id":8,"date":"2017-01-09T11:48:19","date_gmt":"2017-01-09T10:48:19","guid":{"rendered":"http:\/\/pace84.fr\/?page_id=8"},"modified":"2017-01-30T16:51:01","modified_gmt":"2017-01-30T15:51:01","slug":"a-propos-de","status":"publish","type":"page","link":"http:\/\/pace84.fr\/?page_id=8","title":{"rendered":"Tai Chi Chuan"},"content":{"rendered":"<p style=\"text-align: left;\">Longtemps utilis\u00e9 comme art martial, le <strong>Tai Ji Quan<\/strong> est aujourd\u2019hui plus particuli\u00e8rement pratiqu\u00e9 pour le bien-\u00eatre. Plusieurs \u00e9coles existent mais le principe de base reste le m\u00eame, privil\u00e9gier la douceur plut\u00f4t que la force, d\u00e9velopper la d\u00e9tente plut\u00f4t que la rigidit\u00e9.<\/p>\n<p style=\"text-align: left;\">Les formes que nous pratiquons ont \u00e9t\u00e9 transmises directement \u00e0 Maitre Jung par les successeurs actuels de ces maitres.<\/p>\n<h3 style=\"text-align: left;\"><strong><br \/>\nStyle Wu Hao<\/strong><\/h3>\n<p style=\"text-align: left;\">Forme fond<img decoding=\"async\" loading=\"lazy\" class=\"wp-image-242 alignleft\" src=\"http:\/\/pace84.fr\/wp-content\/uploads\/2017\/01\/Me-Wu-Yuxiang-227x300.jpg\" alt=\"\" width=\"117\" height=\"154\" srcset=\"http:\/\/pace84.fr\/wp-content\/uploads\/2017\/01\/Me-Wu-Yuxiang-227x300.jpg 227w, http:\/\/pace84.fr\/wp-content\/uploads\/2017\/01\/Me-Wu-Yuxiang.jpg 291w\" sizes=\"(max-width: 117px) 100vw, 117px\" \/>amentale du club, a \u00e9t\u00e9 d\u00e9velopp\u00e9 par <strong>Wu Yuxiang<\/strong> (1812\u20131880) au d\u00e9but du XIXe si\u00e8cle. <strong>Hao Weizhen<\/strong> (1849-1920) a fait connaitre cette forme hors du cercle familial favorisant la diffusion \u00e0 travers toute la chine. En faisant parti\u00a0des\u00a05\u00a0grandes formes de <strong>Tai Ji Quan,<\/strong> le style <strong>Wu Hao<\/strong> est une forme tr\u00e8s affin\u00e9e, dont les mouvements sont plus r\u00e9duits. Tr\u00e8s subtil\u00a0ce style se rapproche de la <img decoding=\"async\" loading=\"lazy\" class=\" wp-image-244 alignright\" src=\"http:\/\/pace84.fr\/wp-content\/uploads\/2017\/01\/Me-Hao-Yin-Ru-Me-Hao-Shao-Ru-300x202.jpg\" alt=\"\" width=\"245\" height=\"165\" srcset=\"http:\/\/pace84.fr\/wp-content\/uploads\/2017\/01\/Me-Hao-Yin-Ru-Me-Hao-Shao-Ru-300x202.jpg 300w, http:\/\/pace84.fr\/wp-content\/uploads\/2017\/01\/Me-Hao-Yin-Ru-Me-Hao-Shao-Ru-768x517.jpg 768w, http:\/\/pace84.fr\/wp-content\/uploads\/2017\/01\/Me-Hao-Yin-Ru-Me-Hao-Shao-Ru.jpg 878w\" sizes=\"(max-width: 245px) 100vw, 245px\" \/>m\u00e9ditation. Nous travaillons en association avec <strong>Wang Muyin<\/strong> aussi appell\u00e9 <strong>Hao Yin Ru<\/strong>, le descendant direct de la lign\u00e9e du style <strong>Wu Hao<\/strong> de <strong>Tai Ji Quan<\/strong>.<\/p>\n<h3 style=\"text-align: left;\"><strong><br \/>\nStyle Yang<\/strong><\/h3>\n<p style=\"text-align: left;\"><img decoding=\"async\" loading=\"lazy\" class=\"wp-image-368 alignright\" src=\"http:\/\/pace84.fr\/wp-content\/uploads\/2017\/01\/Me-Fu-ZhongWen-Jung-Yung-Hwan-203x300.jpg\" alt=\"\" width=\"160\" height=\"237\" srcset=\"http:\/\/pace84.fr\/wp-content\/uploads\/2017\/01\/Me-Fu-ZhongWen-Jung-Yung-Hwan-203x300.jpg 203w, http:\/\/pace84.fr\/wp-content\/uploads\/2017\/01\/Me-Fu-ZhongWen-Jung-Yung-Hwan-768x1134.jpg 768w, http:\/\/pace84.fr\/wp-content\/uploads\/2017\/01\/Me-Fu-ZhongWen-Jung-Yung-Hwan-694x1024.jpg 694w, http:\/\/pace84.fr\/wp-content\/uploads\/2017\/01\/Me-Fu-ZhongWen-Jung-Yung-Hwan.jpg 796w\" sizes=\"(max-width: 160px) 100vw, 160px\" \/>Ce style a \u00e9t\u00e9 d\u00e9velopp\u00e9 par <strong>Yang Luchen<\/strong> (1799-1872). Son fils <strong>Yang Jianhou<\/strong> et son petit-fils <strong>Yang Chengfu<\/strong> ont poursuivi l\u2019\u0153uvre de ce style. C\u2019est la forme de <strong>Tai\u00a0Ji Quan<\/strong> la plus connu aujourd\u2019hui. Le rythme est lent et les mouvements circulaires sont amples. La forme comporte des mouvements simples qui se distinguent par la continuit\u00e9 entre un geste et le suivant. Nous pratiquons la forme traditionnelle transmise par Me <strong>Fu ZhongWen<\/strong> (1903 \u20131994).<\/p>\n<h3 style=\"text-align: left;\"><strong>Style Chen<\/strong><\/h3>\n<p style=\"text-align: left;\"><img decoding=\"async\" loading=\"lazy\" class=\"wp-image-372 alignright\" src=\"http:\/\/pace84.fr\/wp-content\/uploads\/2017\/01\/Me-Feng-Zhiqiang.jpg\" alt=\"\" width=\"162\" height=\"171\" \/>C&#8217;est le plus ancien des 5\u00a0styles traditionnels de <strong>Tai\u00a0Ji Quan<\/strong>. Le style de la famille <strong>Chen<\/strong> se caract\u00e9rise par son alternance de mouvements lents et rapides, ses postures basses, ses \u00ab enroulements de soie \u00bb (chan si jin) et ses \u00e9clats explosifs (fajing). Nous pratiquons la forme de <strong>Xinyi Hunyuan<\/strong>, <strong>Tai\u00a0Ji Quan<\/strong> qu\u2019a d\u00e9velopp\u00e9 ma\u00eetre <strong>Feng Zhiqiang<\/strong> (1928-2012). Il a synth\u00e9tis\u00e9 les techniques en travail \u00e9nerg\u00e9tique, re\u00e7ues de ma\u00eetre <strong>Hu Yaozhen<\/strong> (1897-1973) et en <strong>Tai\u00a0Ji Quan<\/strong> style <strong>Chen<\/strong>, transmis par ma\u00eetre <strong>Chen Fake<\/strong> (1887-1957).<\/p>\n","protected":false},"excerpt":{"rendered":"<p>Longtemps utilis\u00e9 comme art martial, le Tai Ji Quan est aujourd\u2019hui plus particuli\u00e8rement pratiqu\u00e9 pour le bien-\u00eatre. Plusieurs \u00e9coles existent mais le principe de base reste le m\u00eame, privil\u00e9gier la douceur plut\u00f4t que la force, d\u00e9velopper la d\u00e9tente plut\u00f4t que la rigidit\u00e9. Les formes que nous pratiquons ont \u00e9t\u00e9 transmises directement \u00e0 Maitre Jung par &hellip; <a href=\"http:\/\/pace84.fr\/?page_id=8\" class=\"more-link\">Continue reading <span class=\"screen-reader-text\">Tai Chi Chuan<\/span><\/a><\/p>\n","protected":false},"author":1,"featured_media":0,"parent":0,"menu_order":0,"comment_status":"closed","ping_status":"closed","template":"","meta":[],"_links":{"self":[{"href":"http:\/\/pace84.fr\/index.php?rest_route=\/wp\/v2\/pages\/8"}],"collection":[{"href":"http:\/\/pace84.fr\/index.php?rest_route=\/wp\/v2\/pages"}],"about":[{"href":"http:\/\/pace84.fr\/index.php?rest_route=\/wp\/v2\/types\/page"}],"author":[{"embeddable":true,"href":"http:\/\/pace84.fr\/index.php?rest_route=\/wp\/v2\/users\/1"}],"replies":[{"embeddable":true,"href":"http:\/\/pace84.fr\/index.php?rest_route=%2Fwp%2Fv2%2Fcomments&post=8"}],"version-history":[{"count":17,"href":"http:\/\/pace84.fr\/index.php?rest_route=\/wp\/v2\/pages\/8\/revisions"}],"predecessor-version":[{"id":375,"href":"http:\/\/pace84.fr\/index.php?rest_route=\/wp\/v2\/pages\/8\/revisions\/375"}],"wp:attachment":[{"href":"http:\/\/pace84.fr\/index.php?rest_route=%2Fwp%2Fv2%2Fmedia&parent=8"}],"curies":[{"name":"wp","href":"https:\/\/api.w.org\/{rel}","templated":true}]}}