{"id":175,"date":"2017-01-11T09:55:36","date_gmt":"2017-01-11T08:55:36","guid":{"rendered":"http:\/\/pace84.fr\/?page_id=175"},"modified":"2017-01-24T13:39:07","modified_gmt":"2017-01-24T12:39:07","slug":"ecole-maitre-jung-2","status":"publish","type":"page","link":"http:\/\/pace84.fr\/?page_id=175","title":{"rendered":"\u00c9cole Ma\u00eetre Jung"},"content":{"rendered":"<p><strong>Ma\u00eetre Jung Yung-Hwan<\/strong> est d\u2019origine sud-cor\u00e9enne.<\/p>\n<p>Il pratique le <strong>Kung Fu<\/strong> et le <strong>Tai Ji Quan<\/strong> depuis l\u2019\u00e2ge de 13 ans. Il a commenc\u00e9 sa pratique avec le ma\u00eetre chinois Zhao Futian. Il a poursuivi ses \u00e9tudes entre la Cor\u00e9e du sud, Ta\u00efwan et la Chine, approfondissant sans cesse ses connaissances sur les arts martiaux chinois et la m\u00e9decine.<\/p>\n<p>Le <strong>Tai\u00a0Ji\u00a0Quan<\/strong>, le <strong>Qi Gong<\/strong> et la philosophie chinoise occupent une place particuli\u00e8re dans cette recherche car Ma\u00eetre Jung s\u2019int\u00e9resse \u00e0 l\u2019essence des arts martiaux chinois. Son Master de philosophie sur le <strong>Yi Jing<\/strong> (Universit\u00e9 Nationale de Ta\u00efwan) et sa pratique en\u00a0<strong>Kung Fu<\/strong> (Ma\u00eetres Wu Sanzhu, Huang Guozhen) lui ont permis de recevoir la 8e Dan par la f\u00e9d\u00e9ration de Ta\u00efwan.<\/p>\n<p>Il a pratiqu\u00e9 le <strong>Tai\u00a0Ji\u00a0Quan<\/strong> avec Ma\u00eetres Fu Zhongwen, Feng Ziqiang, Wang Muyin. Depuis plus de vingt ans, <strong>Ma\u00eetre Jung<\/strong> enseigne les arts martiaux chinois, la m\u00e9decine cor\u00e9enne (Manupuncture) et les pratiques \u00e9nerg\u00e9tiques (Sun, Tai Ji Quan, Qi Gong, Dao Yin) \u00e0 Aix-en-Provence et dans le Monde au travers de stages internationaux.<img decoding=\"async\" loading=\"lazy\" class=\" wp-image-358 aligncenter\" src=\"http:\/\/pace84.fr\/wp-content\/uploads\/2017\/01\/TAI-CHI-La-Provence-300x239.jpg\" alt=\"\" width=\"870\" height=\"693\" srcset=\"http:\/\/pace84.fr\/wp-content\/uploads\/2017\/01\/TAI-CHI-La-Provence-300x239.jpg 300w, http:\/\/pace84.fr\/wp-content\/uploads\/2017\/01\/TAI-CHI-La-Provence-768x613.jpg 768w, http:\/\/pace84.fr\/wp-content\/uploads\/2017\/01\/TAI-CHI-La-Provence-1024x817.jpg 1024w, http:\/\/pace84.fr\/wp-content\/uploads\/2017\/01\/TAI-CHI-La-Provence.jpg 2031w\" sizes=\"(max-width: 870px) 100vw, 870px\" \/><\/p>\n","protected":false},"excerpt":{"rendered":"<p>Ma\u00eetre Jung Yung-Hwan est d\u2019origine sud-cor\u00e9enne. Il pratique le Kung Fu et le Tai Ji Quan depuis l\u2019\u00e2ge de 13 ans. Il a commenc\u00e9 sa pratique avec le ma\u00eetre chinois Zhao Futian. Il a poursuivi ses \u00e9tudes entre la Cor\u00e9e du sud, Ta\u00efwan et la Chine, approfondissant sans cesse ses connaissances sur les arts martiaux &hellip; <a href=\"http:\/\/pace84.fr\/?page_id=175\" class=\"more-link\">Continue reading <span class=\"screen-reader-text\">\u00c9cole Ma\u00eetre Jung<\/span><\/a><\/p>\n","protected":false},"author":2,"featured_media":0,"parent":0,"menu_order":0,"comment_status":"closed","ping_status":"closed","template":"","meta":[],"_links":{"self":[{"href":"http:\/\/pace84.fr\/index.php?rest_route=\/wp\/v2\/pages\/175"}],"collection":[{"href":"http:\/\/pace84.fr\/index.php?rest_route=\/wp\/v2\/pages"}],"about":[{"href":"http:\/\/pace84.fr\/index.php?rest_route=\/wp\/v2\/types\/page"}],"author":[{"embeddable":true,"href":"http:\/\/pace84.fr\/index.php?rest_route=\/wp\/v2\/users\/2"}],"replies":[{"embeddable":true,"href":"http:\/\/pace84.fr\/index.php?rest_route=%2Fwp%2Fv2%2Fcomments&post=175"}],"version-history":[{"count":5,"href":"http:\/\/pace84.fr\/index.php?rest_route=\/wp\/v2\/pages\/175\/revisions"}],"predecessor-version":[{"id":360,"href":"http:\/\/pace84.fr\/index.php?rest_route=\/wp\/v2\/pages\/175\/revisions\/360"}],"wp:attachment":[{"href":"http:\/\/pace84.fr\/index.php?rest_route=%2Fwp%2Fv2%2Fmedia&parent=175"}],"curies":[{"name":"wp","href":"https:\/\/api.w.org\/{rel}","templated":true}]}}